{"id":304,"date":"2024-11-08T20:54:49","date_gmt":"2024-11-08T19:54:49","guid":{"rendered":"https:\/\/www-2024.wp6.test.uniroma2.it\/?page_id=304"},"modified":"2024-11-08T20:55:30","modified_gmt":"2024-11-08T19:55:30","slug":"segnalazioni-degli-studenti","status":"publish","type":"page","link":"https:\/\/www-2024.wp6.test.uniroma2.it\/?page_id=304","title":{"rendered":"Segnalazioni degli studenti"},"content":{"rendered":"\n<p>Il servizio costituisce la modalit\u00e0 attraverso la quale lo studente iscritto alla Facolt\u00e0 pu\u00f2 segnalare al&nbsp;proprio rappresentante&nbsp;e\/o al presidente del proprio corso di laurea&nbsp;problemi relativi alla didattica, all\u2019organizzazione e alle informazioni fornite dalla facolt\u00e0 o dai docenti, al fine di favorire una comunicazione adeguata e diretta tra gli studenti e l\u2019universit\u00e0.<\/p>\n\n\n\n<p>Si accede al servizio&nbsp;attraverso la&nbsp;posta elettronica.<\/p>\n\n\n\n<p><strong>Destinatari delle segnalazioni:&nbsp;<\/strong>Rappresentanti degli studenti e Presidente del Corso di Laurea<\/p>\n\n\n\n<p><strong>Rappresentanti degli studenti:<\/strong>&nbsp;il compito dei rappresentanti \u00e8 quello di raccogliere le sollecitazioni e i disagi degli studenti, nonch\u00e9 di proporre iniziative che coinvolgano gli studenti stessi ad una partecipazione attiva alla vita universitaria.<\/p>\n\n\n\n<p><em>*I Rappresentanti per l\u2019A.A. 2024\/2025 devono essere eletti, fare riferimento ai Rappresentanti di classe<\/em><\/p>\n\n\n\n<p><strong>Rappresentanti di classe:<\/strong><\/p>\n\n\n\n<ul class=\"wp-block-list\">\n<li>Leonardo Mariani (primo anno) <a href=\"mailto:leonardomariani11@gmail.com\">leonardomariani11@gmail.com<\/a><\/li>\n\n\n\n<li>Giulia Malatesta (primo anno) <a href=\"mailto:malatesta.giulia2005@gmail.com\">malatesta.giulia2005@gmail.com<\/a><\/li>\n\n\n\n<li>Francesco Angeloni (secondo anno) <a href=\"mailto:angelonifrancesco86@gmail.com\">angelonifrancesco86@gmail.com<\/a><\/li>\n\n\n\n<li>Alessandro Zito (terzo anno): <a href=\"mailto:alessandro.zito.03@students.uniroma2.eu\">alessandro.zito.03@students.uniroma2.eu<\/a><\/li>\n\n\n\n<li>Per comunicazioni al Presidente del Corso di Laurea Prof.ssa Virginia Tancredi: <a href=\"mailto:tancredi@uniroma2.it\">tancredi@uniroma2.it<\/a><\/li>\n<\/ul>\n","protected":false},"excerpt":{"rendered":"<p>Il servizio costituisce la modalit\u00e0 attraverso la quale lo studente iscritto alla Facolt\u00e0 pu\u00f2 segnalare al&nbsp;proprio rappresentante&nbsp;e\/o al presidente del proprio corso di laurea&nbsp;problemi relativi alla didattica, all\u2019organizzazione e alle informazioni fornite dalla facolt\u00e0 o dai docenti, al fine di<\/p>\n","protected":false},"author":1,"featured_media":0,"parent":0,"menu_order":0,"comment_status":"closed","ping_status":"closed","template":"","meta":{"footnotes":""},"class_list":["post-304","page","type-page","status-publish","hentry"],"_links":{"self":[{"href":"https:\/\/www-2024.wp6.test.uniroma2.it\/index.php?rest_route=\/wp\/v2\/pages\/304","targetHints":{"allow":["GET"]}}],"collection":[{"href":"https:\/\/www-2024.wp6.test.uniroma2.it\/index.php?rest_route=\/wp\/v2\/pages"}],"about":[{"href":"https:\/\/www-2024.wp6.test.uniroma2.it\/index.php?rest_route=\/wp\/v2\/types\/page"}],"author":[{"embeddable":true,"href":"https:\/\/www-2024.wp6.test.uniroma2.it\/index.php?rest_route=\/wp\/v2\/users\/1"}],"replies":[{"embeddable":true,"href":"https:\/\/www-2024.wp6.test.uniroma2.it\/index.php?rest_route=%2Fwp%2Fv2%2Fcomments&post=304"}],"version-history":[{"count":2,"href":"https:\/\/www-2024.wp6.test.uniroma2.it\/index.php?rest_route=\/wp\/v2\/pages\/304\/revisions"}],"predecessor-version":[{"id":306,"href":"https:\/\/www-2024.wp6.test.uniroma2.it\/index.php?rest_route=\/wp\/v2\/pages\/304\/revisions\/306"}],"wp:attachment":[{"href":"https:\/\/www-2024.wp6.test.uniroma2.it\/index.php?rest_route=%2Fwp%2Fv2%2Fmedia&parent=304"}],"curies":[{"name":"wp","href":"https:\/\/api.w.org\/{rel}","templated":true}]}}